{"id":16,"date":"2020-12-20T23:30:22","date_gmt":"2020-12-20T22:30:22","guid":{"rendered":"http:\/\/weba.home.pl\/autoinstalator\/wordpressplugins2\/?page_id=16"},"modified":"2020-12-20T23:30:22","modified_gmt":"2020-12-20T22:30:22","slug":"cennik","status":"publish","type":"page","link":"https:\/\/kancelaria-jacek-koltun.pl\/?page_id=16","title":{"rendered":"Cennik"},"content":{"rendered":"\n<p>Wynagrodzenie ustalane jest podczas spotkania z Klientem. Jego wysoko\u015b\u0107 uzale\u017cniona jest mi\u0119dzy innymi od rodzaju zlecenia,terminu jego wykonania, warto\u015bci przedmiotu sprawy i nak\u0142adu pracy.<\/p>\n\n\n\n<p>&nbsp; &nbsp; &nbsp; &nbsp; &nbsp; Wynagrodzenie mo\u017ce mie\u0107 form\u0119 rycza\u0142tow\u0105, prowizyjn\u0105, mo\u017ce te\u017c by\u0107 ustalone w oparciu o stawki godzinowe.<\/p>\n","protected":false},"excerpt":{"rendered":"<p>Wynagrodzenie ustalane jest podczas spotkania z Klientem. Jego wysoko\u015b\u0107 uzale\u017cniona jest mi\u0119dzy innymi od rodzaju zlecenia,terminu jego wykonania, warto\u015bci przedmiotu sprawy i nak\u0142adu pracy. &nbsp; &nbsp; &nbsp; &nbsp; &nbsp; Wynagrodzenie&hellip;<\/p>\n","protected":false},"author":1,"featured_media":0,"parent":0,"menu_order":0,"comment_status":"closed","ping_status":"closed","template":"","meta":{"footnotes":""},"class_list":["post-16","page","type-page","status-publish","hentry"],"_links":{"self":[{"href":"https:\/\/kancelaria-jacek-koltun.pl\/index.php?rest_route=\/wp\/v2\/pages\/16","targetHints":{"allow":["GET"]}}],"collection":[{"href":"https:\/\/kancelaria-jacek-koltun.pl\/index.php?rest_route=\/wp\/v2\/pages"}],"about":[{"href":"https:\/\/kancelaria-jacek-koltun.pl\/index.php?rest_route=\/wp\/v2\/types\/page"}],"author":[{"embeddable":true,"href":"https:\/\/kancelaria-jacek-koltun.pl\/index.php?rest_route=\/wp\/v2\/users\/1"}],"replies":[{"embeddable":true,"href":"https:\/\/kancelaria-jacek-koltun.pl\/index.php?rest_route=%2Fwp%2Fv2%2Fcomments&post=16"}],"version-history":[{"count":1,"href":"https:\/\/kancelaria-jacek-koltun.pl\/index.php?rest_route=\/wp\/v2\/pages\/16\/revisions"}],"predecessor-version":[{"id":17,"href":"https:\/\/kancelaria-jacek-koltun.pl\/index.php?rest_route=\/wp\/v2\/pages\/16\/revisions\/17"}],"wp:attachment":[{"href":"https:\/\/kancelaria-jacek-koltun.pl\/index.php?rest_route=%2Fwp%2Fv2%2Fmedia&parent=16"}],"curies":[{"name":"wp","href":"https:\/\/api.w.org\/{rel}","templated":true}]}}